{"id":2522,"date":"2026-03-29T18:28:27","date_gmt":"2026-03-29T16:28:27","guid":{"rendered":"https:\/\/steve.one\/?page_id=2522"},"modified":"2026-03-29T18:37:16","modified_gmt":"2026-03-29T16:37:16","slug":"2522-2","status":"publish","type":"page","link":"https:\/\/steve.one\/?page_id=2522","title":{"rendered":"\u00a9"},"content":{"rendered":"<div>\n<div class=\"copyright-section\">\n<p><h3>Urheberrecht<\/h3>\n<\/p>\n<p>Alle auf dieser Website pr\u00e4sentierten Arbeiten, Ideen, Skizzen, Texte, Fotografien, Videos und Designs sind urheberrechtlich gesch\u00fctzt und im alleinigen Eigentum und Nutzungsrecht von Steve V. Sipos. Eine Vervielf\u00e4ltigung, Verbreitung, Ver\u00e4nderung, \u00f6ffentliche Zug\u00e4nglichmachung oder kommerzielle Nutzung \u2013 auch auszugsweise \u2013 ist nur mit ausdr\u00fccklicher, schriftlicher Genehmigung gestattet.<\/p>\n<p>Unbefugte Nutzung, insbesondere das Kopieren, Bearbeiten oder Weiterverwenden der Arbeiten ohne Zustimmung, stellt eine Urheberrechtsverletzung dar und kann nach deutschem Urheberrecht (UrhG) mit Abmahnung, Unterlassungsanspruch, Schadensersatz und gegebenenfalls auch mit Geldstrafen geahndet werden. Die H\u00f6he der Schadensersatzforderung kann sich u.\u202fa. nach Lizenzkosten oder Verwertungsanteilen richten.<\/p>\n<p>Verweise zum Urheberrecht finden Sie unter anderem auf:<br \/>\n    <a href=\"https:\/\/www.urheberrecht.org\/\" target=\"_blank\">urheberrecht.org<\/a><br \/>\n    <a href=\"https:\/\/dejure.org\/\" target=\"_blank\">dejure.org<\/a> (Gesetzestexte zu UrhG, \u00a7 1 \u201eSchutzumfang\u201c, \u00a7 97 \u201eAnspruch auf Unterlassung und Schadensersatz\u201c)<br \/>\n    <a href=\"https:\/\/webservice.rki.de\/\" target=\"_blank\">webservice.rki.de<\/a>, falls Sie allgemeine rechtliche Hintergr\u00fcnde zu IP\u2011Schutz und Lizenzmodellen suchen m\u00f6chten.\n  <\/p>\n<p>Sollten Sie die Arbeiten f\u00fcr eine Ausstellung, Publikation oder Kampagne nutzen wollen, wenden Sie sich bitte vorab mit einer schriftlichen Anfrage an Steve V. Sipos. Nur eine schriftlich erteilte Genehmigung begr\u00fcndet ein rechtm\u00e4\u00dfiges Nutzungsrecht.<\/p>\n<\/div>\n<\/div>\n<div>\n<div class=\"copyright-section\">\n<p><h3>Copyright<\/h3>\n<\/p>\n<p>All artworks, ideas, sketches, texts, photographs, videos, and designs presented on this website are protected by copyright and are the sole property and usage rights of Steve V. Sipos. Any reproduction, distribution, modification, public display or commercial use, even in part, is only permitted with explicit, written permission.<\/p>\n<p>Unauthorized use, in particular copying, editing or reusing the works without consent, constitutes a copyright infringement and may be subject to cease\u2011and\u2011desist orders, claims for damages, and, where applicable, criminal penalties under German copyright law (UrhG). The amount of damages may be based in particular on potential licensing fees or usage shares.<\/p>\n<p>References on copyright law can be found among others at:<br \/>\n    <a href=\"https:\/\/www.copyright.gov\/\" target=\"_blank\">copyright.gov<\/a> (U.S. Copyright Office \u2013 basic information and resources)<br \/>\n    <a href=\"https:\/\/www.legislation.gov.uk\/ukpga\/1988\/48\/contents\" target=\"_blank\">legislation.gov.uk<\/a> (UK Copyright, Designs and Patents Act 1988 \u2013 representative example of copyright legislation)<br \/>\n    <a href=\"https:\/\/www.wipo.int\/copyright\/en\/\" target=\"_blank\">wipo.int\/copyright<\/a> (World Intellectual Property Organization \u2013 overview of international copyright principles and treaties).\n  <\/p>\n<p>If you wish to use the works for an exhibition, publication or campaign, please submit a written request in advance. Only a written authorization establishes a lawful right of use.<\/p>\n<\/div>\n<\/div>\n<p><p>\n        <a href=\"https:\/\/steve.one\/?page_id=24\">Impressum \/ DSGVO \/ AGB<\/a>\n    <\/p>\n<\/p>\n<p><!--more--><br \/>\n<!-- {\"type\":\"layout\",\"children\":[{\"type\":\"section\",\"props\":{\"image_position\":\"center-center\",\"style\":\"default\",\"title_breakpoint\":\"xl\",\"title_position\":\"top-left\",\"title_rotation\":\"left\",\"vertical_align\":\"middle\",\"width\":\"default\"},\"children\":[{\"type\":\"row\",\"children\":[{\"type\":\"column\",\"props\":{\"image_position\":\"center-center\",\"position_sticky_breakpoint\":\"m\"},\"children\":[{\"type\":\"text\",\"props\":{\"column_breakpoint\":\"m\",\"content\":\"\n\n<div class=\\\"copyright-section\\\">\\n  \n\n<p>\n\n<h3>Urheberrecht<\/h3>\n\n<\/p>\n\n\\n  \n\n<p>Alle auf dieser Website pr\u00e4sentierten Arbeiten, Ideen, Skizzen, Texte, Fotografien, Videos und Designs sind urheberrechtlich gesch\u00fctzt und im alleinigen Eigentum und Nutzungsrecht von Steve V. Sipos. Eine Vervielf\u00e4ltigung, Verbreitung, Ver\u00e4nderung, \u00f6ffentliche Zug\u00e4nglichmachung oder kommerzielle Nutzung \u2013 auch auszugsweise \u2013 ist nur mit ausdr\u00fccklicher, schriftlicher Genehmigung gestattet.<\/p>\n\n\\n  \n\n<p>Unbefugte Nutzung, insbesondere das Kopieren, Bearbeiten oder Weiterverwenden der Arbeiten ohne Zustimmung, stellt eine Urheberrechtsverletzung dar und kann nach deutschem Urheberrecht (UrhG) mit Abmahnung, Unterlassungsanspruch, Schadensersatz und gegebenenfalls auch mit Geldstrafen geahndet werden. Die H\u00f6he der Schadensersatzforderung kann sich u.\u202fa. nach Lizenzkosten oder Verwertungsanteilen richten.<\/p>\n\n\\n  \n\n<p>Verweise zum Urheberrecht finden Sie unter anderem auf:<br \/>\\n    <a href=\\\"https:\/\/www.urheberrecht.org\/\\\" target=\\\"_blank\\\">urheberrecht.org<\/a><br \/>\\n    <a href=\\\"https:\/\/dejure.org\/\\\" target=\\\"_blank\\\">dejure.org<\/a> (Gesetzestexte zu UrhG, \u00a7 1 \u201eSchutzumfang\u201c, \u00a7 97 \u201eAnspruch auf Unterlassung und Schadensersatz\u201c)<br \/>\\n    <a href=\\\"https:\/\/webservice.rki.de\/\\\" target=\\\"_blank\\\">webservice.rki.de<\/a>, falls Sie allgemeine rechtliche Hintergr\u00fcnde zu IP\u2011Schutz und Lizenzmodellen suchen m\u00f6chten.\\n  <\/p>\n\n\\n  \n\n<p>Sollten Sie die Arbeiten f\u00fcr eine Ausstellung, Publikation oder Kampagne nutzen wollen, wenden Sie sich bitte vorab mit einer schriftlichen Anfrage an Steve V. Sipos. Nur eine schriftlich erteilte Genehmigung begr\u00fcndet ein rechtm\u00e4\u00dfiges Nutzungsrecht.<\/p>\n\n\\n<\/div>\n\n\",\"margin_bottom\":\"default\",\"margin_top\":\"default\"}},{\"type\":\"text\",\"props\":{\"column_breakpoint\":\"m\",\"content\":\"\n\n<div class=\\\"copyright-section\\\">\\n  \n\n<p>\n\n<h3>Copyright<\/h3>\n\n<\/p>\n\n\\n  \n\n<p>All artworks, ideas, sketches, texts, photographs, videos, and designs presented on this website are protected by copyright and are the sole property and usage rights of Steve V. Sipos. Any reproduction, distribution, modification, public display or commercial use, even in part, is only permitted with explicit, written permission.<\/p>\n\n\\n  \n\n<p>Unauthorized use, in particular copying, editing or reusing the works without consent, constitutes a copyright infringement and may be subject to cease\u2011and\u2011desist orders, claims for damages, and, where applicable, criminal penalties under German copyright law (UrhG). The amount of damages may be based in particular on potential licensing fees or usage shares.<\/p>\n\n\\n  \n\n<p>References on copyright law can be found among others at:<br \/>\\n    <a href=\\\"https:\/\/www.copyright.gov\/\\\" target=\\\"_blank\\\">copyright.gov<\/a> (U.S. Copyright Office \u2013 basic information and resources)<br \/>\\n    <a href=\\\"https:\/\/www.legislation.gov.uk\/ukpga\/1988\/48\/contents\\\" target=\\\"_blank\\\">legislation.gov.uk<\/a> (UK Copyright, Designs and Patents Act 1988 \u2013 representative example of copyright legislation)<br \/>\\n    <a href=\\\"https:\/\/www.wipo.int\/copyright\/en\/\\\" target=\\\"_blank\\\">wipo.int\/copyright<\/a> (World Intellectual Property Organization \u2013 overview of international copyright principles and treaties).\\n  <\/p>\n\n\\n  \n\n<p>If you wish to use the works for an exhibition, publication or campaign, please submit a written request in advance. Only a written authorization establishes a lawful right of use.<\/p>\n\n\\n<\/div>\n\n\",\"margin_bottom\":\"default\",\"margin_top\":\"default\"}},{\"type\":\"button\",\"props\":{\"grid_column_gap\":\"small\",\"grid_row_gap\":\"small\",\"margin_bottom\":\"default\",\"margin_top\":\"default\"},\"children\":[{\"type\":\"button_item\",\"props\":{\"button_style\":\"default\",\"content\":\"Impressum \/ DSGVO \/ AGB\",\"dialog_layout\":\"modal\",\"dialog_offcanvas_flip\":true,\"icon_align\":\"left\",\"link\":\"https:\/\/steve.one\/?page_id=24\"}}]}]}]}]}],\"version\":\"5.0.9\"} --><\/p>\n","protected":false},"excerpt":{"rendered":"<p>Urheberrecht Alle auf dieser Website pr\u00e4sentierten Arbeiten, Ideen, Skizzen, Texte, Fotografien, Videos und Designs sind urheberrechtlich gesch\u00fctzt und im alleinigen Eigentum und Nutzungsrecht von Steve V. Sipos. Eine Vervielf\u00e4ltigung, Verbreitung, Ver\u00e4nderung, \u00f6ffentliche Zug\u00e4nglichmachung oder kommerzielle Nutzung \u2013 auch auszugsweise \u2013 ist nur mit ausdr\u00fccklicher, schriftlicher Genehmigung gestattet. Unbefugte Nutzung, insbesondere das Kopieren, Bearbeiten oder Weiterverwenden [&hellip;]<\/p>\n","protected":false},"author":1,"featured_media":0,"parent":0,"menu_order":0,"comment_status":"closed","ping_status":"closed","template":"","meta":{"footnotes":""},"class_list":["post-2522","page","type-page","status-publish","hentry"],"_links":{"self":[{"href":"https:\/\/steve.one\/index.php?rest_route=\/wp\/v2\/pages\/2522","targetHints":{"allow":["GET"]}}],"collection":[{"href":"https:\/\/steve.one\/index.php?rest_route=\/wp\/v2\/pages"}],"about":[{"href":"https:\/\/steve.one\/index.php?rest_route=\/wp\/v2\/types\/page"}],"author":[{"embeddable":true,"href":"https:\/\/steve.one\/index.php?rest_route=\/wp\/v2\/users\/1"}],"replies":[{"embeddable":true,"href":"https:\/\/steve.one\/index.php?rest_route=%2Fwp%2Fv2%2Fcomments&post=2522"}],"version-history":[{"count":5,"href":"https:\/\/steve.one\/index.php?rest_route=\/wp\/v2\/pages\/2522\/revisions"}],"predecessor-version":[{"id":2528,"href":"https:\/\/steve.one\/index.php?rest_route=\/wp\/v2\/pages\/2522\/revisions\/2528"}],"wp:attachment":[{"href":"https:\/\/steve.one\/index.php?rest_route=%2Fwp%2Fv2%2Fmedia&parent=2522"}],"curies":[{"name":"wp","href":"https:\/\/api.w.org\/{rel}","templated":true}]}}