{"id":2389,"date":"2026-03-20T18:54:01","date_gmt":"2026-03-20T16:54:01","guid":{"rendered":"https:\/\/steve.one\/?page_id=2389"},"modified":"2026-04-06T11:20:31","modified_gmt":"2026-04-06T09:20:31","slug":"pixel-work2026","status":"publish","type":"page","link":"https:\/\/steve.one\/?page_id=2389","title":{"rendered":"Pixel Work2026"},"content":{"rendered":"<h1>Prozesshafte Bildr\u00e4ume<\/h1>\n<hr>\n<div>Die Serie basiert auf fotografischen Aufnahmen desselben Blicks zu unterschiedlichen Tageszeiten. Entstanden sind die Bilder im Umfeld der Art Basel Miami 2025.<br \/>\n<br \/><\/br><br \/>\nIm Zentrum steht ein mehrstufiger Prozess: von der Aufnahme \u00fcber manuelle Eingriffe bis hin zur algorithmischen Transformation und erneuten Bearbeitung. Die einzelnen Phasen sind nicht als abgeschlossene Schritte zu verstehen, sondern als kontinuierliche \u00dcberg\u00e4nge innerhalb eines offenen Systems.<br \/>\n<br \/><\/br><br \/>\nDie Arbeiten untersuchen das Zusammenspiel von Licht, Zeit und Atmosph\u00e4re mit digitalen Verfahren. Dabei wird ein Teil der Kontrolle bewusst an algorithmische Strukturen abgegeben, die das Bild eigenst\u00e4ndig weiterentwickeln.<br \/>\n<br \/><\/br><br \/>\nSo entstehen Bildr\u00e4ume zwischen fotografischer Referenz und konstruiertem System. Realit\u00e4t fungiert nicht als Abbild, sondern als Ausgangspunkt f\u00fcr eine fortlaufende Neuverhandlung von Wahrnehmung, Autorschaft und Bildgenese.<br \/><\/br><br \/><\/br><\/div>\n<ul>\n<li>\n<p>        <img decoding=\"async\" src=\"\/wp-content\/uploads\/2026\/03\/FP_03-26-2_72dpi_red-scaled.jpg\" alt=\"\"><\/p>\n<h3>Sonnenaufgang<\/h3>\n<\/li>\n<li>\n<p>        <img decoding=\"async\" src=\"\/wp-content\/uploads\/2026\/03\/FP_03-26-2_72dpi_green-scaled.jpg\" alt=\"\"><\/p>\n<h3>Mittagszeit<\/h3>\n<\/li>\n<li>\n<p>        <img decoding=\"async\" src=\"\/wp-content\/uploads\/2026\/03\/FP_03-26-2_72dpi_pink-scaled.jpg\" alt=\"\"><\/p>\n<h3>Nachmittag<\/h3>\n<\/li>\n<li>\n<p>        <img decoding=\"async\" src=\"\/wp-content\/uploads\/2026\/03\/FP_03-26-2_72dpi_blue-scaled.jpg\" alt=\"\"><\/p>\n<h3>Blaue Stunge<\/h3>\n<\/li>\n<\/ul>\n<p><!--more--><br \/>\n<!-- {\"type\":\"layout\",\"children\":[{\"type\":\"section\",\"props\":{\"image_position\":\"center-center\",\"style\":\"default\",\"title_breakpoint\":\"xl\",\"title_position\":\"top-left\",\"title_rotation\":\"left\",\"vertical_align\":\"middle\",\"width\":\"default\"},\"children\":[{\"type\":\"row\",\"children\":[{\"type\":\"column\",\"props\":{\"image_position\":\"center-center\",\"position_sticky_breakpoint\":\"m\"},\"children\":[{\"type\":\"headline\",\"props\":{\"content\":\"Prozesshafte Bildr\u00e4ume\",\"image_align\":\"left\",\"image_margin\":\"xsmall\",\"text_align\":\"center\",\"title_element\":\"h1\"}},{\"type\":\"divider\",\"props\":{\"divider_element\":\"hr\",\"divider_style\":\"vertical\"}},{\"type\":\"text\",\"props\":{\"block_align\":\"center\",\"column_breakpoint\":\"m\",\"content\":\"Die Serie basiert auf fotografischen Aufnahmen desselben Blicks zu unterschiedlichen Tageszeiten. Entstanden sind die Bilder im Umfeld der Art Basel Miami 2025.\\n<br \/><\/br>\\nIm Zentrum steht ein mehrstufiger Prozess: von der Aufnahme \u00fcber manuelle Eingriffe bis hin zur algorithmischen Transformation und erneuten Bearbeitung. Die einzelnen Phasen sind nicht als abgeschlossene Schritte zu verstehen, sondern als kontinuierliche \u00dcberg\u00e4nge innerhalb eines offenen Systems.\\n<br \/><\/br>\\nDie Arbeiten untersuchen das Zusammenspiel von Licht, Zeit und Atmosph\u00e4re mit digitalen Verfahren. Dabei wird ein Teil der Kontrolle bewusst an algorithmische Strukturen abgegeben, die das Bild eigenst\u00e4ndig weiterentwickeln.\\n<br \/><\/br>\\nSo entstehen Bildr\u00e4ume zwischen fotografischer Referenz und konstruiertem System. Realit\u00e4t fungiert nicht als Abbild, sondern als Ausgangspunkt f\u00fcr eine fortlaufende Neuverhandlung von Wahrnehmung, Autorschaft und Bildgenese.<br \/><\/br><br \/><\/br>\",\"margin_bottom\":\"default\",\"margin_top\":\"default\",\"maxwidth\":\"2xlarge\"}},{\"type\":\"gallery\",\"props\":{\"filter_align\":\"left\",\"filter_all\":true,\"filter_grid_breakpoint\":\"m\",\"filter_grid_width\":\"auto\",\"filter_position\":\"top\",\"filter_style\":\"tab\",\"grid_default\":\"1\",\"grid_medium\":\"1\",\"item_animation\":true,\"lightbox_bg_close\":true,\"link_style\":\"default\",\"link_text\":\"Read more\",\"margin_bottom\":\"default\",\"margin_top\":\"default\",\"meta_align\":\"below-title\",\"meta_element\":\"div\",\"meta_style\":\"text-meta\",\"overlay_hover\":true,\"overlay_mode\":\"cover\",\"overlay_position\":\"center\",\"overlay_style\":\"overlay-primary\",\"overlay_transition\":\"fade\",\"show_content\":true,\"show_hover_image\":true,\"show_hover_video\":true,\"show_link\":true,\"show_meta\":true,\"show_title\":true,\"text_align\":\"center\",\"text_color\":\"light\",\"title_element\":\"h3\",\"title_hover_style\":\"reset\"},\"children\":[{\"type\":\"gallery_item\",\"props\":{\"image\":\"wp-content\/uploads\/2026\/03\/FP_03-26-2_72dpi_red-scaled.jpg\",\"title\":\"Sonnenaufgang\"}},{\"type\":\"gallery_item\",\"props\":{\"image\":\"wp-content\/uploads\/2026\/03\/FP_03-26-2_72dpi_green-scaled.jpg\",\"title\":\"Mittagszeit\"}},{\"type\":\"gallery_item\",\"props\":{\"image\":\"wp-content\/uploads\/2026\/03\/FP_03-26-2_72dpi_pink-scaled.jpg\",\"title\":\"Nachmittag\"}},{\"type\":\"gallery_item\",\"props\":{\"image\":\"wp-content\/uploads\/2026\/03\/FP_03-26-2_72dpi_blue-scaled.jpg\",\"title\":\"Blaue Stunge\"}}]}]}]}]}],\"version\":\"5.0.28\"} --><\/p>\n","protected":false},"excerpt":{"rendered":"<p>Prozesshafte Bildr\u00e4ume Die Serie basiert auf fotografischen Aufnahmen desselben Blicks zu unterschiedlichen Tageszeiten. Entstanden sind die Bilder im Umfeld der Art Basel Miami 2025. Im Zentrum steht ein mehrstufiger Prozess: von der Aufnahme \u00fcber manuelle Eingriffe bis hin zur algorithmischen Transformation und erneuten Bearbeitung. Die einzelnen Phasen sind nicht als abgeschlossene Schritte zu verstehen, sondern [&hellip;]<\/p>\n","protected":false},"author":1,"featured_media":0,"parent":0,"menu_order":0,"comment_status":"closed","ping_status":"closed","template":"","meta":{"footnotes":""},"class_list":["post-2389","page","type-page","status-publish","hentry"],"_links":{"self":[{"href":"https:\/\/steve.one\/index.php?rest_route=\/wp\/v2\/pages\/2389","targetHints":{"allow":["GET"]}}],"collection":[{"href":"https:\/\/steve.one\/index.php?rest_route=\/wp\/v2\/pages"}],"about":[{"href":"https:\/\/steve.one\/index.php?rest_route=\/wp\/v2\/types\/page"}],"author":[{"embeddable":true,"href":"https:\/\/steve.one\/index.php?rest_route=\/wp\/v2\/users\/1"}],"replies":[{"embeddable":true,"href":"https:\/\/steve.one\/index.php?rest_route=%2Fwp%2Fv2%2Fcomments&post=2389"}],"version-history":[{"count":50,"href":"https:\/\/steve.one\/index.php?rest_route=\/wp\/v2\/pages\/2389\/revisions"}],"predecessor-version":[{"id":2662,"href":"https:\/\/steve.one\/index.php?rest_route=\/wp\/v2\/pages\/2389\/revisions\/2662"}],"wp:attachment":[{"href":"https:\/\/steve.one\/index.php?rest_route=%2Fwp%2Fv2%2Fmedia&parent=2389"}],"curies":[{"name":"wp","href":"https:\/\/api.w.org\/{rel}","templated":true}]}}